{"id":57,"date":"2018-06-19T10:44:17","date_gmt":"2018-06-19T10:44:17","guid":{"rendered":"https:\/\/lightsalmon-seal-571342.hostingersite.com\/about-us\/"},"modified":"2025-05-20T15:11:01","modified_gmt":"2025-05-20T15:11:01","slug":"about-us","status":"publish","type":"page","link":"https:\/\/aristonconsultoria.com.br\/en\/about-us\/","title":{"rendered":"About Us"},"content":{"rendered":"<div data-elementor-type=\"wp-page\" data-elementor-id=\"57\" class=\"elementor elementor-57\">\n\t\t\t\t<div class=\"aux-parallax-section elementor-element elementor-element-5e36217 e-flex e-con-boxed e-con e-parent\" data-id=\"5e36217\" data-element_type=\"container\" data-settings=\"{&quot;background_background&quot;:&quot;classic&quot;}\">\n\t\t\t\t\t<div class=\"e-con-inner\">\n\t\t<div class=\"elementor-element elementor-element-8504aa0 aux-appear-watch-animation aux-fade-in-right e-con-full e-flex e-con e-child\" data-id=\"8504aa0\" data-element_type=\"container\">\n\t\t\t\t<div class=\"elementor-element elementor-element-121a779 elementor-widget elementor-widget-aux_modern_heading\" data-id=\"121a779\" data-element_type=\"widget\" data-widget_type=\"aux_modern_heading.default\">\n\t\t\t\t<div class=\"elementor-widget-container\">\n\t\t\t\t\t<section class=\"aux-widget-modern-heading\">\n            <div class=\"aux-widget-inner\"><h2 class=\"aux-modern-heading-primary\">Quem Somos<\/h2><\/div>\n        <\/section>\t\t\t\t<\/div>\n\t\t\t\t<\/div>\n\t\t\t\t<div class=\"elementor-element elementor-element-119ebd0 elementor-widget elementor-widget-aux_breadcrumbs\" data-id=\"119ebd0\" data-element_type=\"widget\" data-widget_type=\"aux_breadcrumbs.default\">\n\t\t\t\t<div class=\"elementor-widget-container\">\n\t\t\t\t\t<div class=\"aux-elementor-breadcrumbs\"><p class=\"aux-breadcrumbs\"><span><a href=\"https:\/\/aristonconsultoria.com.br\/en\" title=\"Home\">Home<\/a><\/span><\/div>\t\t\t\t<\/div>\n\t\t\t\t<\/div>\n\t\t\t\t<\/div>\n\t\t\t\t\t<\/div>\n\t\t\t\t<\/div>\n\t\t<div class=\"aux-parallax-section elementor-element elementor-element-46e1247 e-flex e-con-boxed e-con e-parent\" data-id=\"46e1247\" data-element_type=\"container\">\n\t\t\t\t\t<div class=\"e-con-inner\">\n\t\t<div class=\"elementor-element elementor-element-baae426 e-con-full e-flex e-con e-child\" data-id=\"baae426\" data-element_type=\"container\">\n\t\t\t\t<div class=\"elementor-element elementor-element-ab98aaa aux-appear-watch-animation aux-fade-in-up elementor-widget elementor-widget-aux_modern_heading\" data-id=\"ab98aaa\" data-element_type=\"widget\" data-widget_type=\"aux_modern_heading.default\">\n\t\t\t\t<div class=\"elementor-widget-container\">\n\t\t\t\t\t<section class=\"aux-widget-modern-heading\">\n            <div class=\"aux-widget-inner\"><h2 class=\"aux-modern-heading-primary\"><\/h2><h3 class=\"aux-modern-heading-secondary\"><span class=\"aux-head-before\">Nossa Hist\u00f3ria<\/span><\/h3><div class=\"aux-modern-heading-divider\"><\/div><div class=\"aux-modern-heading-description\"><p>Criada em 2017 por s\u00f3cios com mais de 25 anos de experi\u00eancia como C-Level de grandes empresas.<br \/>Consultoria boutique, que atende, em m\u00e9dia, at\u00e9 6 projetos simultaneamente.<br \/>Prestando Servi\u00e7o de consultoria para Entreprise Company em parceria com a Gradus Consultoria.<br \/>Compartilhando da metodologia Gradus e suas tecnologia e benchmarks de mais de 500 projetos executados.<br \/>Gustavo Pierini, s\u00f3cio fundador do Grupo Gradus \u00e9 nosso Advisor e Conselheiro<br \/>Possu\u00edmos uma\u00a0 metodologia de ponta, com profissionais de vanguarda e parceiros estrat\u00e9gicos nas \u00e1reas de transforma\u00e7\u00e3o digital e aplica\u00e7\u00e3o de tecnologias.\u00a0<br \/>Oferecemos uma solu\u00e7\u00e3o de alta flexibilidade, com baixo risco de investimento e remunera\u00e7\u00e3o hibrida, fortemente baseada em resultados.Entregamos ao nossos clientes redu\u00e7\u00e3o de custos, aumento de produtividade e de volume e margem de vendas, al\u00e9m de um amplo leque de informa\u00e7\u00f5es para tomada de decis\u00e3o atrav\u00e9s de um sistema de gest\u00e3o pr\u00f3prio.\u00a0<\/p><\/div><\/div>\n        <\/section>\t\t\t\t<\/div>\n\t\t\t\t<\/div>\n\t\t\t\t<\/div>\n\t\t<div class=\"elementor-element elementor-element-3704b04 aux-appear-watch-animation aux-scale-down e-con-full e-flex e-con e-child\" data-id=\"3704b04\" data-element_type=\"container\">\n\t\t\t\t<div class=\"elementor-element elementor-element-8db1082 elementor-widget elementor-widget-aux_image\" data-id=\"8db1082\" data-element_type=\"widget\" data-widget_type=\"aux_image.default\">\n\t\t\t\t<div class=\"elementor-widget-container\">\n\t\t\t\t\t<section class=\"widget-container aux-widget-image aux-alignnone aux-parent-aub6213cbf\">\n    <div class=\"aux-media-hint-frame\">\n        <div class=\"aux-media-image\" >\n        \n            \n\n            \n            <img fetchpriority=\"high\" decoding=\"async\" width=\"804\" height=\"900\" src=\"data:image\/gif;base64,R0lGODlhAQABAIAAAAAAAP\/\/\/yH5BAEAAAAALAAAAAABAAEAAAIBRAA7\" class=\"aux-attachment aux-featured-image aux-attachment-id-80 aux-preload aux-blank\" alt=\"Sobre Ariston 2\" data-ratio=\"0.89\" data-original-w=\"1744\" sizes=\"auto\" data-srcset=\"https:\/\/aristonconsultoria.com.br\/wp-content\/uploads\/2025\/05\/Sobre-Ariston-2-150x168.jpg 150w,https:\/\/aristonconsultoria.com.br\/wp-content\/uploads\/2025\/05\/Sobre-Ariston-2-300x336.jpg 300w,https:\/\/aristonconsultoria.com.br\/wp-content\/uploads\/2025\/05\/Sobre-Ariston-2-768x860.jpg 768w,https:\/\/aristonconsultoria.com.br\/wp-content\/uploads\/2025\/05\/Sobre-Ariston-2-1024x1146.jpg 1024w,https:\/\/aristonconsultoria.com.br\/wp-content\/uploads\/2025\/05\/Sobre-Ariston-2-804x900.jpg 804w\" data-src=\"https:\/\/aristonconsultoria.com.br\/wp-content\/uploads\/2025\/05\/Sobre-Ariston-2-804x900.jpg\" \/>            \n                <\/div>\n    <\/div>\n\n<\/section><!-- widget-container -->\t\t\t\t<\/div>\n\t\t\t\t<\/div>\n\t\t\t\t<\/div>\n\t\t\t\t\t<\/div>\n\t\t\t\t<\/div>\n\t\t<div class=\"aux-parallax-section elementor-element elementor-element-cfefcff e-flex e-con-boxed e-con e-parent\" data-id=\"cfefcff\" data-element_type=\"container\">\n\t\t\t\t\t<div class=\"e-con-inner\">\n\t\t\t\t<div class=\"elementor-element elementor-element-2c4158c elementor-widget elementor-widget-html\" data-id=\"2c4158c\" data-element_type=\"widget\" data-widget_type=\"html.default\">\n\t\t\t\t<div class=\"elementor-widget-container\">\n\t\t\t\t\t<section class=\"como-atuamos\">\r\n  <div class=\"container\">\r\n    <h3><span>SOLUCIONANDO PROBLEMAS<\/span><br><strong>Como atuamos<\/strong><\/h3>\r\n\r\n    <div class=\"atuacao\">\r\n      <div class=\"problema\">\r\n        <p><strong>Processos ineficientes ou excessivamente complexos<\/strong>, que consomem o tempo dos principais profissionais, gerando baixa produtividade, alto custo e retrabalho fora do core business.<\/p>\r\n        <div class=\"seta\"><\/div>\r\n      <\/div>\r\n      <div class=\"solucao\">\r\n        <p>Nossa metodologia identifica inefici\u00eancias e vulnerabilidades nos processos com base em custo, tempo e resultados, possibilitando ajustes e corre\u00e7\u00f5es precisas para aumentar a produtividade e a competitividade.<\/p>\r\n        <div class=\"check\">\u2714<\/div>\r\n      <\/div>\r\n    <\/div>\r\n\r\n    <div class=\"atuacao\">\r\n      <div class=\"problema\">\r\n        <p><strong>Falta de metodologias e ferramentas adequadas de gest\u00e3o<\/strong>, impactando diretamente os resultados e dificultando a tomada de decis\u00f5es estrat\u00e9gicas.<\/p>\r\n        <div class=\"seta\"><\/div>\r\n      <\/div>\r\n      <div class=\"solucao\">\r\n        <p>Utilizamos ferramentas e recursos espec\u00edficos em nossa metodologia para entregar resultados assertivos e um modelo de gest\u00e3o eficiente, alinhado ao core business de nossos clientes.<\/p>\r\n        <div class=\"check\">\u2714<\/div>\r\n      <\/div>\r\n    <\/div>\r\n\r\n    <div class=\"atuacao\">\r\n      <div class=\"problema\">\r\n        <p><strong>Vis\u00e3o interna limitada e foco excessivo em resultados imediatos<\/strong>, sem a ado\u00e7\u00e3o de novas metodologias e tecnologias que poderiam trazer ganhos de efici\u00eancia e competitividade.<\/p>\r\n        <div class=\"seta\"><\/div>\r\n      <\/div>\r\n      <div class=\"solucao\">\r\n        <p>Investimos continuamente em inova\u00e7\u00e3o e nos mantemos conectados a um ecossistema de solu\u00e7\u00f5es modernas e disruptivas, sempre respeitando o momento da organiza\u00e7\u00e3o e garantindo os melhores resultados.<\/p>\r\n        <div class=\"check\">\u2714<\/div>\r\n      <\/div>\r\n    <\/div>\r\n\r\n    <div class=\"atuacao\">\r\n      <div class=\"problema\">\r\n        <p><strong>Dificuldade em acessar benchmarks confi\u00e1veis<\/strong>, comprometendo a defini\u00e7\u00e3o de metas e or\u00e7amentos alinhados \u00e0s melhores pr\u00e1ticas do mercado.<\/p>\r\n        <div class=\"seta\"><\/div>\r\n      <\/div>\r\n      <div class=\"solucao\">\r\n        <p>Com um time multidisciplinar e projetos customizados aliados ao nosso moderno data analytics e IA, aprimoramos continuamente nossas solu\u00e7\u00f5es, tornando-as cada vez mais assertivas e completas para nossos clientes.<\/p>\r\n        <div class=\"check\">\u2714<\/div>\r\n      <\/div>\r\n    <\/div>\r\n  <\/div>\r\n<\/section>\r\n\r\n<style>.como-atuamos {\r\n  background: #fff;\r\n  font-family: 'Arial', sans-serif;\r\n  padding: 60px 20px;\r\n}\r\n\r\n.como-atuamos h3 {\r\n  text-align: left;\r\n  max-width: 900px;\r\n  margin: 0 auto 40px;\r\n  color: #000;\r\n  font-size: 32px;\r\n}\r\n\r\n.como-atuamos h3 span {\r\n  color: #00c693;\r\n  font-size: 18px;\r\n  font-weight: 600;\r\n  text-transform: uppercase;\r\n}\r\n\r\n.atuacao {\r\n  display: flex;\r\n  align-items: flex-start;\r\n  justify-content: space-between;\r\n  max-width: 1000px;\r\n  margin: 20px auto;\r\n  gap: 20px;\r\n  flex-wrap: wrap;\r\n}\r\n\r\n.problema, .solucao {\r\n  flex: 1 1 45%;\r\n  background: #00c69310;\r\n  border-radius: 8px;\r\n  padding: 20px;\r\n  position: relative;\r\n}\r\n\r\n.problema {\r\n  background-color: #00c693;\r\n  color: #fff;\r\n}\r\n\r\n.problema p {\r\n  margin: 0;\r\n}\r\n\r\n.solucao p {\r\n  margin: 0;\r\n  color: #333;\r\n}\r\n\r\n.seta {\r\n  position: absolute;\r\n  right: -25px;\r\n  top: 50%;\r\n  transform: translateY(-50%);\r\n  width: 40px;\r\n  height: 40px;\r\n  background-color: #1e2d39;\r\n  border-radius: 50%;\r\n}\r\n\r\n.seta::after {\r\n  content: '\u2192';\r\n  color: #fff;\r\n  font-size: 18px;\r\n  position: absolute;\r\n  top: 50%;\r\n  left: 50%;\r\n  transform: translate(-50%, -50%);\r\n}\r\n\r\n.check {\r\n  position: absolute;\r\n  right: -20px;\r\n  top: 50%;\r\n  transform: translateY(-50%);\r\n  font-size: 26px;\r\n  color: #00c693;\r\n}\r\n<\/style>\r\n\t\t\t\t<\/div>\n\t\t\t\t<\/div>\n\t\t\t\t\t<\/div>\n\t\t\t\t<\/div>\n\t\t<div class=\"aux-parallax-section elementor-element elementor-element-66ef437 e-con-full e-flex e-con e-parent\" data-id=\"66ef437\" data-element_type=\"container\" data-settings=\"{&quot;background_background&quot;:&quot;classic&quot;}\">\n\t\t<div class=\"elementor-element elementor-element-ff71741 aux-appear-watch-animation aux-fade-in-left e-con-full e-flex e-con e-child\" data-id=\"ff71741\" data-element_type=\"container\">\n\t\t\t\t<div class=\"elementor-element elementor-element-f4fb7cd elementor-widget elementor-widget-aux_image\" data-id=\"f4fb7cd\" data-element_type=\"widget\" data-widget_type=\"aux_image.default\">\n\t\t\t\t<div class=\"elementor-widget-container\">\n\t\t\t\t\t<section class=\"widget-container aux-widget-image aux-alignnone aux-parent-auc5fb45cb\">\n    <div class=\"aux-media-hint-frame\">\n        <div class=\"aux-media-image\" >\n        \n            \n\n            \n            <img decoding=\"async\" width=\"1037\" height=\"950\" src=\"data:image\/gif;base64,R0lGODlhAQABAIAAAAAAAP\/\/\/yH5BAEAAAAALAAAAAABAAEAAAIBRAA7\" class=\"aux-attachment aux-featured-image aux-attachment-id-81 aux-preload aux-blank\" alt=\"Sobre Ariston 1\" data-ratio=\"1.09\" data-original-w=\"1333\" sizes=\"auto\" data-srcset=\"https:\/\/aristonconsultoria.com.br\/wp-content\/uploads\/2025\/05\/Sobre-Ariston-1-150x137.jpg 150w,https:\/\/aristonconsultoria.com.br\/wp-content\/uploads\/2025\/05\/Sobre-Ariston-1-300x275.jpg 300w,https:\/\/aristonconsultoria.com.br\/wp-content\/uploads\/2025\/05\/Sobre-Ariston-1-768x704.jpg 768w,https:\/\/aristonconsultoria.com.br\/wp-content\/uploads\/2025\/05\/Sobre-Ariston-1-1024x938.jpg 1024w,https:\/\/aristonconsultoria.com.br\/wp-content\/uploads\/2025\/05\/Sobre-Ariston-1-1037x950.jpg 1037w\" data-src=\"https:\/\/aristonconsultoria.com.br\/wp-content\/uploads\/2025\/05\/Sobre-Ariston-1-1037x950.jpg\" \/>            \n                <\/div>\n    <\/div>\n\n<\/section><!-- widget-container -->\t\t\t\t<\/div>\n\t\t\t\t<\/div>\n\t\t\t\t<\/div>\n\t\t<div class=\"elementor-element elementor-element-1a17ea2 e-con-full e-flex e-con e-child\" data-id=\"1a17ea2\" data-element_type=\"container\">\n\t\t\t\t<div class=\"elementor-element elementor-element-86649ed aux-appear-watch-animation aux-fade-in elementor-widget__width-initial elementor-widget elementor-widget-aux_modern_heading\" data-id=\"86649ed\" data-element_type=\"widget\" data-widget_type=\"aux_modern_heading.default\">\n\t\t\t\t<div class=\"elementor-widget-container\">\n\t\t\t\t\t<section class=\"aux-widget-modern-heading\">\n            <div class=\"aux-widget-inner\"><h2 class=\"aux-modern-heading-primary\"><\/h2><h3 class=\"aux-modern-heading-secondary\"><span class=\"aux-head-before\">Por que existimos?<\/span><\/h3><div class=\"aux-modern-heading-divider\"><\/div><div class=\"aux-modern-heading-description\"><p>A rotina intensa de empres\u00e1rios, executivos e profissionais t\u00eam dificultado a revis\u00e3o de processos, gest\u00e3o de despesas e otimiza\u00e7\u00e3o de recursos, impedindo a implementa\u00e7\u00e3o de melhorias e inova\u00e7\u00e3o.\u00a0<\/p><p>Entre os principais desafios das empresas est\u00e3o processos ineficientes que geram retrabalho, falta de metodologias e ferramentas de gest\u00e3o, foco excessivo em resultados imediatos sem ado\u00e7\u00e3o de novas tecnologias e dificuldade em acessar benchmarks confi\u00e1veis.\u00a0<\/p><p>Diante desse cen\u00e1rio, entregamos solu\u00e7\u00f5es estrat\u00e9gicas que s\u00e3o fundamentais para garantir efici\u00eancia, competitividade e sustentabilidade no longo prazo.<\/p><\/div><\/div>\n        <\/section>\t\t\t\t<\/div>\n\t\t\t\t<\/div>\n\t\t\t\t<\/div>\n\t\t\t\t<\/div>\n\t\t<div class=\"aux-parallax-section elementor-element elementor-element-aee413d e-flex e-con-boxed e-con e-parent\" data-id=\"aee413d\" data-element_type=\"container\" data-settings=\"{&quot;background_background&quot;:&quot;classic&quot;}\">\n\t\t\t\t\t<div class=\"e-con-inner\">\n\t\t<div class=\"elementor-element elementor-element-5c915ad e-con-full e-flex e-con e-child\" data-id=\"5c915ad\" data-element_type=\"container\">\n\t\t\t\t<div class=\"elementor-element elementor-element-9cd5f8d aux-appear-watch-animation aux-scale-down elementor-widget elementor-widget-aux_modern_heading\" data-id=\"9cd5f8d\" data-element_type=\"widget\" data-widget_type=\"aux_modern_heading.default\">\n\t\t\t\t<div class=\"elementor-widget-container\">\n\t\t\t\t\t<section class=\"aux-widget-modern-heading\">\n            <div class=\"aux-widget-inner\"><h2 class=\"aux-modern-heading-primary\">Aumentar a rentabilidade \ne competitividade dos nossos clientes.\n<\/h2><div class=\"aux-modern-heading-description\"><p>O seu sucesso \u00e9 o nosso maior objetivo<span style=\"font-weight: 400\">! Nossa parceria \u00e9 baseada em comprometimento, estrat\u00e9gia e\u00a0 tornar sua empresa mais eficiente e lucrativa.<\/span><\/p><\/div><\/div>\n        <\/section>\t\t\t\t<\/div>\n\t\t\t\t<\/div>\n\t\t\t\t<div class=\"elementor-element elementor-element-f72c0c6 elementor-widget elementor-widget-aux_modern_button\" data-id=\"f72c0c6\" data-element_type=\"widget\" data-widget_type=\"aux_modern_button.default\">\n\t\t\t\t<div class=\"elementor-widget-container\">\n\t\t\t\t\t    <div class=\"aux-modern-button-wrapper aux-modern-button-align-center\" >\n                    <a class=\"aux-modern-button aux-black aux-modern-button-xl aux-modern-button-normal aux-modern-button-default aux-icon-right\" href=\"https:\/\/aristonconsultoria.com.br\/en\/contact-us\/\">\n                <div class=\"aux-overlay\"><\/div>\n                                    <div class=\"aux-icon\">\n                        <i aria-hidden=\"true\" class=\"auxicon2 auxicon2-arrow-chevron-small-right\"><\/i>                    <\/div>\n                                <div class=\"aux-text\">\n<span class=\"aux-text-before\">Fale Com a gente<\/span>                <\/div>\n            <\/a>\n            \n    <\/div>\n\n    \t\t\t\t<\/div>\n\t\t\t\t<\/div>\n\t\t\t\t<\/div>\n\t\t\t\t\t<\/div>\n\t\t\t\t<\/div>\n\t\t\t\t<\/div>","protected":false},"excerpt":{"rendered":"<p>Quem Somos Home Nossa Hist\u00f3ria Criada em 2017 por s\u00f3cios com mais de 25 anos de experi\u00eancia como C-Level de grandes empresas.Consultoria boutique, que atende, em m\u00e9dia, at\u00e9 6 projetos simultaneamente.Prestando Servi\u00e7o de consultoria para Entreprise Company em parceria com a Gradus Consultoria.Compartilhando da metodologia Gradus e suas tecnologia e benchmarks de mais de 500 [&hellip;]<\/p>","protected":false},"author":1,"featured_media":0,"parent":0,"menu_order":0,"comment_status":"closed","ping_status":"closed","template":"templates\/page-builder-content.php","meta":{"footnotes":""},"class_list":["post-57","page","type-page","status-publish","hentry"],"_links":{"self":[{"href":"https:\/\/aristonconsultoria.com.br\/en\/wp-json\/wp\/v2\/pages\/57","targetHints":{"allow":["GET"]}}],"collection":[{"href":"https:\/\/aristonconsultoria.com.br\/en\/wp-json\/wp\/v2\/pages"}],"about":[{"href":"https:\/\/aristonconsultoria.com.br\/en\/wp-json\/wp\/v2\/types\/page"}],"author":[{"embeddable":true,"href":"https:\/\/aristonconsultoria.com.br\/en\/wp-json\/wp\/v2\/users\/1"}],"replies":[{"embeddable":true,"href":"https:\/\/aristonconsultoria.com.br\/en\/wp-json\/wp\/v2\/comments?post=57"}],"version-history":[{"count":6,"href":"https:\/\/aristonconsultoria.com.br\/en\/wp-json\/wp\/v2\/pages\/57\/revisions"}],"predecessor-version":[{"id":231,"href":"https:\/\/aristonconsultoria.com.br\/en\/wp-json\/wp\/v2\/pages\/57\/revisions\/231"}],"wp:attachment":[{"href":"https:\/\/aristonconsultoria.com.br\/en\/wp-json\/wp\/v2\/media?parent=57"}],"curies":[{"name":"wp","href":"https:\/\/api.w.org\/{rel}","templated":true}]}}