{"id":54,"date":"2018-06-19T10:45:59","date_gmt":"2018-06-19T10:45:59","guid":{"rendered":"https:\/\/lightsalmon-seal-571342.hostingersite.com\/services\/"},"modified":"2025-06-09T14:54:25","modified_gmt":"2025-06-09T14:54:25","slug":"services","status":"publish","type":"page","link":"https:\/\/aristonconsultoria.com.br\/en\/services\/","title":{"rendered":"Services"},"content":{"rendered":"<div data-elementor-type=\"wp-post\" data-elementor-id=\"54\" class=\"elementor elementor-54\">\n\t\t\t\t<div class=\"aux-parallax-section elementor-element elementor-element-6d3f161 e-flex e-con-boxed e-con e-parent\" data-id=\"6d3f161\" data-element_type=\"container\" data-settings=\"{&quot;background_background&quot;:&quot;classic&quot;}\">\n\t\t\t\t\t<div class=\"e-con-inner\">\n\t\t<div class=\"elementor-element elementor-element-e9045aa aux-appear-watch-animation aux-fade-in-right e-con-full e-flex e-con e-child\" data-id=\"e9045aa\" data-element_type=\"container\">\n\t\t\t\t<div class=\"elementor-element elementor-element-2c17235 elementor-widget elementor-widget-aux_modern_heading\" data-id=\"2c17235\" data-element_type=\"widget\" data-widget_type=\"aux_modern_heading.default\">\n\t\t\t\t<div class=\"elementor-widget-container\">\n\t\t\t\t\t<section class=\"aux-widget-modern-heading\">\n            <div class=\"aux-widget-inner\"><h2 class=\"aux-modern-heading-primary\">Refer\u00eancias Benchmark\n<\/h2><\/div>\n        <\/section>\t\t\t\t<\/div>\n\t\t\t\t<\/div>\n\t\t\t\t<\/div>\n\t\t\t\t\t<\/div>\n\t\t\t\t<\/div>\n\t\t<div class=\"aux-parallax-section elementor-element elementor-element-2b67e424 e-flex e-con-boxed e-con e-parent\" data-id=\"2b67e424\" data-element_type=\"container\">\n\t\t\t\t\t<div class=\"e-con-inner\">\n\t\t<div class=\"elementor-element elementor-element-5a94dafc e-con-full e-flex e-con e-child\" data-id=\"5a94dafc\" data-element_type=\"container\">\n\t\t\t\t<div class=\"elementor-element elementor-element-773b1a82 aux-appear-watch-animation aux-fade-in-up elementor-widget elementor-widget-aux_modern_heading\" data-id=\"773b1a82\" data-element_type=\"widget\" data-widget_type=\"aux_modern_heading.default\">\n\t\t\t\t<div class=\"elementor-widget-container\">\n\t\t\t\t\t<section class=\"aux-widget-modern-heading\">\n            <div class=\"aux-widget-inner\"><h2 class=\"aux-modern-heading-primary\"><\/h2><h3 class=\"aux-modern-heading-secondary\"><span class=\"aux-head-before\">Sobre<\/span><\/h3><div class=\"aux-modern-heading-divider\"><\/div><div class=\"aux-modern-heading-description\"><ul><li style=\"font-weight: 400\"><p class=\"\" data-start=\"156\" data-end=\"352\">Ao longo de mais de 28 anos de atua\u00e7\u00e3o, acumulamos um benchmark robusto com mais de 500 projetos entregues, que servem como base para uma metodologia pr\u00f3pria, testada e aprimorada continuamente.<\/p><p class=\"\" data-start=\"354\" data-end=\"597\">Essa metodologia n\u00e3o apenas gera resultados consistentes e mensur\u00e1veis, como tamb\u00e9m \u00e9 sustentada por softwares desenvolvidos especificamente para garantir que as mudan\u00e7as implementadas sejam duradouras \u2014 mesmo ap\u00f3s o encerramento do projeto.<\/p><p class=\"\" data-start=\"599\" data-end=\"890\">Nosso foco est\u00e1 nas empresas de m\u00e9dio e m\u00e9dio-grande porte, que buscam crescer com estrat\u00e9gia, efici\u00eancia e intelig\u00eancia. Ajudamos nossos clientes a melhorar significativamente sua rentabilidade, elevar a produtividade, otimizar a gest\u00e3o e utilizar seus recursos de forma mais estrat\u00e9gica.<\/p><p class=\"\" data-start=\"892\" data-end=\"998\">Mais do que consultoria, entregamos transforma\u00e7\u00e3o com impacto real no neg\u00f3cio \u2014 e um legado que permanece.<\/p><\/li><\/ul><\/div><\/div>\n        <\/section>\t\t\t\t<\/div>\n\t\t\t\t<\/div>\n\t\t\t\t<\/div>\n\t\t<div class=\"elementor-element elementor-element-7d1f9811 aux-appear-watch-animation aux-fade-in-right-1 e-con-full e-flex e-con e-child\" data-id=\"7d1f9811\" data-element_type=\"container\">\n\t\t\t\t<div class=\"elementor-element elementor-element-78dce493 elementor-widget elementor-widget-aux_image\" data-id=\"78dce493\" data-element_type=\"widget\" data-widget_type=\"aux_image.default\">\n\t\t\t\t<div class=\"elementor-widget-container\">\n\t\t\t\t\t<section class=\"widget-container aux-widget-image aux-alignnone aux-parent-au7a7d161e\">\n    <div class=\"aux-media-hint-frame\">\n        <div class=\"aux-media-image\" >\n        \n            \n\n            \n            <img fetchpriority=\"high\" decoding=\"async\" width=\"377\" height=\"417\" src=\"data:image\/gif;base64,R0lGODlhAQABAIAAAAAAAP\/\/\/yH5BAEAAAAALAAAAAABAAEAAAIBRAA7\" class=\"aux-attachment aux-featured-image aux-attachment-id-165 aux-preload aux-blank\" alt=\"os-colegas-trabalham-no-escritorio-usando-computadores-olhando-de-lado_171337-6831\" data-ratio=\"0.54\" data-original-w=\"626\" sizes=\"auto\" data-srcset=\"https:\/\/aristonconsultoria.com.br\/wp-content\/uploads\/2025\/05\/os-colegas-trabalham-no-escritorio-usando-computadores-olhando-de-lado_171337-6831-150x279.avif 150w,https:\/\/aristonconsultoria.com.br\/wp-content\/uploads\/2025\/05\/os-colegas-trabalham-no-escritorio-usando-computadores-olhando-de-lado_171337-6831-300x557.avif 300w,https:\/\/aristonconsultoria.com.br\/wp-content\/uploads\/2025\/05\/os-colegas-trabalham-no-escritorio-usando-computadores-olhando-de-lado_171337-6831-377x700.avif 377w\" data-src=\"https:\/\/aristonconsultoria.com.br\/wp-content\/uploads\/2025\/05\/os-colegas-trabalham-no-escritorio-usando-computadores-olhando-de-lado_171337-6831-377x700.avif\" \/>            \n                <\/div>\n    <\/div>\n\n<\/section><!-- widget-container -->\t\t\t\t<\/div>\n\t\t\t\t<\/div>\n\t\t\t\t<\/div>\n\t\t<div class=\"elementor-element elementor-element-4e48d0f7 aux-appear-watch-animation aux-fade-in-right-1 e-con-full e-flex e-con e-child\" data-id=\"4e48d0f7\" data-element_type=\"container\">\n\t\t\t\t<div class=\"elementor-element elementor-element-2bd4e134 elementor-widget elementor-widget-aux_image\" data-id=\"2bd4e134\" data-element_type=\"widget\" data-widget_type=\"aux_image.default\">\n\t\t\t\t<div class=\"elementor-widget-container\">\n\t\t\t\t\t<section class=\"widget-container aux-widget-image aux-alignnone aux-parent-au7300d14d\">\n    <div class=\"aux-media-hint-frame\">\n        <div class=\"aux-media-image\" >\n        \n            \n\n            \n            <img decoding=\"async\" width=\"377\" height=\"700\" src=\"data:image\/gif;base64,R0lGODlhAQABAIAAAAAAAP\/\/\/yH5BAEAAAAALAAAAAABAAEAAAIBRAA7\" class=\"aux-attachment aux-featured-image aux-attachment-id-191 aux-preload aux-blank\" alt=\"2\" data-ratio=\"0.54\" data-original-w=\"800\" sizes=\"auto\" data-srcset=\"https:\/\/aristonconsultoria.com.br\/wp-content\/uploads\/2018\/06\/2-150x279.png 150w,https:\/\/aristonconsultoria.com.br\/wp-content\/uploads\/2018\/06\/2-300x557.png 300w,https:\/\/aristonconsultoria.com.br\/wp-content\/uploads\/2018\/06\/2-768x1426.png 768w,https:\/\/aristonconsultoria.com.br\/wp-content\/uploads\/2018\/06\/2-377x700.png 377w\" data-src=\"https:\/\/aristonconsultoria.com.br\/wp-content\/uploads\/2018\/06\/2-377x700.png\" \/>            \n                <\/div>\n    <\/div>\n\n<\/section><!-- widget-container -->\t\t\t\t<\/div>\n\t\t\t\t<\/div>\n\t\t\t\t<\/div>\n\t\t\t\t\t<\/div>\n\t\t\t\t<\/div>\n\t\t<div class=\"aux-parallax-section elementor-element elementor-element-fdac6c2 e-flex e-con-boxed e-con e-parent\" data-id=\"fdac6c2\" data-element_type=\"container\">\n\t\t\t\t\t<div class=\"e-con-inner\">\n\t\t<div class=\"elementor-element elementor-element-40cbab2e e-con-full e-flex e-con e-child\" data-id=\"40cbab2e\" data-element_type=\"container\">\n\t\t\t\t<div class=\"elementor-element elementor-element-2df416 aux-appear-watch-animation aux-fade-in-up elementor-widget elementor-widget-aux_modern_heading\" data-id=\"2df416\" data-element_type=\"widget\" data-widget_type=\"aux_modern_heading.default\">\n\t\t\t\t<div class=\"elementor-widget-container\">\n\t\t\t\t\t<section class=\"aux-widget-modern-heading\">\n            <div class=\"aux-widget-inner\"><h2 class=\"aux-modern-heading-primary\">Nossa refer\u00eancia \n<\/h2><h3 class=\"aux-modern-heading-secondary\"><span class=\"aux-head-before\">GRADUS<\/span><\/h3><div class=\"aux-modern-heading-divider\"><\/div><div class=\"aux-modern-heading-description\"><p><span style=\"font-weight: 400\">A Gradus \u00e9 nossa principal refer\u00eancia estrat\u00e9gica em gest\u00e3o orientada para rentabilidade, aumento de produtividade e transforma\u00e7\u00e3o organizacional. Essa parceria vai al\u00e9m da colabora\u00e7\u00e3o t\u00e9cnica: o fundador da Gradus, Gustavo Pierini, \u00e9 tamb\u00e9m o principal conselheiro da Ariston Consultoria, contribuindo diretamente para a constru\u00e7\u00e3o de estrat\u00e9gias e solu\u00e7\u00f5es de alto impacto.<\/span><\/p><\/div><\/div>\n        <\/section>\t\t\t\t<\/div>\n\t\t\t\t<\/div>\n\t\t\t\t<\/div>\n\t\t<div class=\"elementor-element elementor-element-faa4565 aux-appear-watch-animation aux-fade-in-left e-con-full e-flex e-con e-child\" data-id=\"faa4565\" data-element_type=\"container\">\n\t\t\t\t<div class=\"elementor-element elementor-element-3c02e642 elementor-widget elementor-widget-aux_image\" data-id=\"3c02e642\" data-element_type=\"widget\" data-widget_type=\"aux_image.default\">\n\t\t\t\t<div class=\"elementor-widget-container\">\n\t\t\t\t\t<section class=\"widget-container aux-widget-image aux-alignnone aux-parent-auff554d7e\">\n    <div class=\"aux-media-hint-frame\">\n        <div class=\"aux-media-image\" >\n        \n            \n\n            \n            <img decoding=\"async\" width=\"917\" height=\"760\" src=\"data:image\/gif;base64,R0lGODlhAQABAIAAAAAAAP\/\/\/yH5BAEAAAAALAAAAAABAAEAAAIBRAA7\" class=\"aux-attachment aux-featured-image aux-attachment-id-82 aux-preload aux-blank\" alt=\"Softwares e parcerias\" data-ratio=\"1.21\" data-original-w=\"1333\" sizes=\"auto\" data-srcset=\"https:\/\/aristonconsultoria.com.br\/wp-content\/uploads\/2025\/05\/Softwares-e-parcerias-150x124.jpg 150w,https:\/\/aristonconsultoria.com.br\/wp-content\/uploads\/2025\/05\/Softwares-e-parcerias-300x249.jpg 300w,https:\/\/aristonconsultoria.com.br\/wp-content\/uploads\/2025\/05\/Softwares-e-parcerias-768x637.jpg 768w,https:\/\/aristonconsultoria.com.br\/wp-content\/uploads\/2025\/05\/Softwares-e-parcerias-1024x849.jpg 1024w,https:\/\/aristonconsultoria.com.br\/wp-content\/uploads\/2025\/05\/Softwares-e-parcerias-917x760.jpg 917w\" data-src=\"https:\/\/aristonconsultoria.com.br\/wp-content\/uploads\/2025\/05\/Softwares-e-parcerias-917x760.jpg\" \/>            \n                <\/div>\n    <\/div>\n\n<\/section><!-- widget-container -->\t\t\t\t<\/div>\n\t\t\t\t<\/div>\n\t\t\t\t<\/div>\n\t\t\t\t\t<\/div>\n\t\t\t\t<\/div>\n\t\t<div class=\"elementor-element elementor-element-2d978533 e-con-full e-flex e-con e-child\" data-id=\"2d978533\" data-element_type=\"container\">\n\t\t\t\t<div class=\"elementor-element elementor-element-460004da aux-appear-watch-animation aux-fade-in-up elementor-widget elementor-widget-aux_modern_heading\" data-id=\"460004da\" data-element_type=\"widget\" data-widget_type=\"aux_modern_heading.default\">\n\t\t\t\t<div class=\"elementor-widget-container\">\n\t\t\t\t\t<section class=\"aux-widget-modern-heading\">\n            <div class=\"aux-widget-inner\"><h2 class=\"aux-modern-heading-primary\"><\/h2><h3 class=\"aux-modern-heading-secondary\"><span class=\"aux-head-before\">Benchmark<\/span><\/h3><div class=\"aux-modern-heading-divider\"><\/div><\/div>\n        <\/section>\t\t\t\t<\/div>\n\t\t\t\t<\/div>\n\t\t<div class=\"elementor-element elementor-element-5ab052a2 e-con-full e-flex e-con e-child\" data-id=\"5ab052a2\" data-element_type=\"container\">\n\t\t<div class=\"elementor-element elementor-element-5e18c7a3 aux-appear-watch-animation aux-scale-down e-con-full e-flex e-con e-child\" data-id=\"5e18c7a3\" data-element_type=\"container\">\n\t\t\t\t<div class=\"elementor-element elementor-element-4b8e21b0 elementor-widget elementor-widget-aux_text\" data-id=\"4b8e21b0\" data-element_type=\"widget\" data-widget_type=\"aux_text.default\">\n\t\t\t\t<div class=\"elementor-widget-container\">\n\t\t\t\t\t<section class=\"widget-container aux-widget-text aux-parent-auee0f2478\">        <div class=\"aux-widget-advanced-text aux-wrap-style-simple aux-ico-pos-top aux-text-center aux-text-resp- aux-text-color-dark aux-text-widget-bg-center aux-text-no-content\" >\n        \n                            <div class=\"aux-text-widget-header\"  >\n                        <div class=\"aux-ico-box aux-ico-large aux-ico-shape-circle aux-ico-clear\">\n                                                                <span class=\"aux-ico auxicon-home-house-streamline\" > <\/span>\n                                                            <\/div>\n                <\/div>\n            \n            <div class=\"aux-text-inner aux-text-widget-content\">\n                                <h4 class=\"col-title\">+500 <br>Projetos<\/h4>\n                            <\/div>\n        <\/div>\n                    <div class=\"aux-text-widget-footer\">\n                <div class=\"aux-border-shape-none\">\n                                <\/div>\n            <\/div>\n        \n<\/section><!-- widget-container -->\t\t\t\t<\/div>\n\t\t\t\t<\/div>\n\t\t\t\t<\/div>\n\t\t<div class=\"elementor-element elementor-element-8003776 aux-appear-watch-animation aux-scale-down e-con-full e-flex e-con e-child\" data-id=\"8003776\" data-element_type=\"container\">\n\t\t\t\t<div class=\"elementor-element elementor-element-31c4a8fd elementor-widget elementor-widget-aux_text\" data-id=\"31c4a8fd\" data-element_type=\"widget\" data-widget_type=\"aux_text.default\">\n\t\t\t\t<div class=\"elementor-widget-container\">\n\t\t\t\t\t<section class=\"widget-container aux-widget-text aux-parent-aubb049077\">        <div class=\"aux-widget-advanced-text aux-wrap-style-simple aux-ico-pos-top aux-text-center aux-text-resp- aux-text-color-dark aux-text-widget-bg-center aux-text-no-content\" >\n        \n                            <div class=\"aux-text-widget-header\"  >\n                        <div class=\"aux-ico-box aux-ico-large aux-ico-shape-circle aux-ico-clear\">\n                                                                <span class=\"aux-ico auxicon-design-pencil-rule-streamline\" > <\/span>\n                                                            <\/div>\n                <\/div>\n            \n            <div class=\"aux-text-inner aux-text-widget-content\">\n                                <h4 class=\"col-title\">+95%<br>Projetos exitosos<\/h4>\n                            <\/div>\n        <\/div>\n                    <div class=\"aux-text-widget-footer\">\n                <div class=\"aux-border-shape-none\">\n                                <\/div>\n            <\/div>\n        \n<\/section><!-- widget-container -->\t\t\t\t<\/div>\n\t\t\t\t<\/div>\n\t\t\t\t<\/div>\n\t\t<div class=\"elementor-element elementor-element-3da63733 aux-appear-watch-animation aux-scale-down e-con-full e-flex e-con e-child\" data-id=\"3da63733\" data-element_type=\"container\">\n\t\t\t\t<div class=\"elementor-element elementor-element-781ed8e9 elementor-widget elementor-widget-aux_text\" data-id=\"781ed8e9\" data-element_type=\"widget\" data-widget_type=\"aux_text.default\">\n\t\t\t\t<div class=\"elementor-widget-container\">\n\t\t\t\t\t<section class=\"widget-container aux-widget-text aux-parent-au7bf4b9cc\">        <div class=\"aux-widget-advanced-text aux-wrap-style-simple aux-ico-pos-top aux-text-center aux-text-resp- aux-text-color-dark aux-text-widget-bg-center aux-text-no-content\" >\n        \n                            <div class=\"aux-text-widget-header\"  >\n                        <div class=\"aux-ico-box aux-ico-large aux-ico-shape-circle aux-ico-clear\">\n                                                                <span class=\"aux-ico auxicon-grid-lines-streamline\" > <\/span>\n                                                            <\/div>\n                <\/div>\n            \n            <div class=\"aux-text-inner aux-text-widget-content\">\n                                <h4 class=\"col-title\">+40%<br>Acima do diagn\u00f3stico proposto<\/h4>\n                            <\/div>\n        <\/div>\n                    <div class=\"aux-text-widget-footer\">\n                <div class=\"aux-border-shape-none\">\n                                <\/div>\n            <\/div>\n        \n<\/section><!-- widget-container -->\t\t\t\t<\/div>\n\t\t\t\t<\/div>\n\t\t\t\t<\/div>\n\t\t\t\t<\/div>\n\t\t\t\t<\/div>\n\t\t<div class=\"aux-parallax-section elementor-element elementor-element-b6dfbd0 e-flex e-con-boxed e-con e-parent\" data-id=\"b6dfbd0\" data-element_type=\"container\">\n\t\t\t\t\t<div class=\"e-con-inner\">\n\t\t\t\t\t<\/div>\n\t\t\t\t<\/div>\n\t\t\t\t<\/div>","protected":false},"excerpt":{"rendered":"<p>Refer\u00eancias Benchmark Sobre Ao longo de mais de 28 anos de atua\u00e7\u00e3o, acumulamos um benchmark robusto com mais de 500 projetos entregues, que servem como base para uma metodologia pr\u00f3pria, testada e aprimorada continuamente. Essa metodologia n\u00e3o apenas gera resultados consistentes e mensur\u00e1veis, como tamb\u00e9m \u00e9 sustentada por softwares desenvolvidos especificamente para garantir que as [&hellip;]<\/p>","protected":false},"author":1,"featured_media":0,"parent":0,"menu_order":0,"comment_status":"closed","ping_status":"closed","template":"","meta":{"footnotes":""},"class_list":["post-54","page","type-page","status-publish","hentry"],"_links":{"self":[{"href":"https:\/\/aristonconsultoria.com.br\/en\/wp-json\/wp\/v2\/pages\/54","targetHints":{"allow":["GET"]}}],"collection":[{"href":"https:\/\/aristonconsultoria.com.br\/en\/wp-json\/wp\/v2\/pages"}],"about":[{"href":"https:\/\/aristonconsultoria.com.br\/en\/wp-json\/wp\/v2\/types\/page"}],"author":[{"embeddable":true,"href":"https:\/\/aristonconsultoria.com.br\/en\/wp-json\/wp\/v2\/users\/1"}],"replies":[{"embeddable":true,"href":"https:\/\/aristonconsultoria.com.br\/en\/wp-json\/wp\/v2\/comments?post=54"}],"version-history":[{"count":24,"href":"https:\/\/aristonconsultoria.com.br\/en\/wp-json\/wp\/v2\/pages\/54\/revisions"}],"predecessor-version":[{"id":404,"href":"https:\/\/aristonconsultoria.com.br\/en\/wp-json\/wp\/v2\/pages\/54\/revisions\/404"}],"wp:attachment":[{"href":"https:\/\/aristonconsultoria.com.br\/en\/wp-json\/wp\/v2\/media?parent=54"}],"curies":[{"name":"wp","href":"https:\/\/api.w.org\/{rel}","templated":true}]}}